{"id":7,"date":"2023-10-27T23:01:17","date_gmt":"2023-10-27T21:01:17","guid":{"rendered":"https:\/\/askipind78.fr\/?page_id=7"},"modified":"2024-03-02T11:29:09","modified_gmt":"2024-03-02T10:29:09","slug":"a-propos-de","status":"publish","type":"page","link":"https:\/\/askipind78.fr\/index.php\/a-propos-de\/","title":{"rendered":"Qui sommes-nous?"},"content":{"rendered":"<div class=\"wp-block-image\">\n<figure class=\"aligncenter size-large\"><img loading=\"lazy\" decoding=\"async\" width=\"1024\" height=\"462\" src=\"https:\/\/askipind78.fr\/wp-content\/uploads\/2023\/12\/BANNIERE_ASKIP-1024x462.jpg\" alt=\"\" class=\"wp-image-157\" srcset=\"https:\/\/askipind78.fr\/wp-content\/uploads\/2023\/12\/BANNIERE_ASKIP-1024x462.jpg 1024w, https:\/\/askipind78.fr\/wp-content\/uploads\/2023\/12\/BANNIERE_ASKIP-300x135.jpg 300w, https:\/\/askipind78.fr\/wp-content\/uploads\/2023\/12\/BANNIERE_ASKIP-768x346.jpg 768w, https:\/\/askipind78.fr\/wp-content\/uploads\/2023\/12\/BANNIERE_ASKIP-1536x692.jpg 1536w, https:\/\/askipind78.fr\/wp-content\/uploads\/2023\/12\/BANNIERE_ASKIP-2048x923.jpg 2048w\" sizes=\"auto, (max-width: 1024px) 100vw, 1024px\" \/><\/figure>\n<\/div>\n\n\n<p class=\"has-text-align-center\">Nous sommes des \u00e9l\u00e8ves de Terminale \u00e0 l&#8217;Institut Notre Dame de Saint Germain en Laye qui veulent cr\u00e9er un r\u00e9seau d&#8217;information accessible et dynamique. Membres du groupe EMI, cr\u00e9\u00e9 par Monsieur Breuiller, nous \u00e9crivons des articles, enregistrons des podcasts et tournons des vid\u00e9os de qualit\u00e9 pour en apprendre davantage sur les sujets qui nous concernent.<\/p>\n\n\n\n<div style=\"height:61px\" aria-hidden=\"true\" class=\"wp-block-spacer\"><\/div>\n\n\n\n<h2 class=\"wp-block-heading has-text-align-center\">Venez nous suivre!<\/h2>\n\n\n\n<p class=\"has-text-align-center\">Vous aussi partagez vos int\u00e9r\u00eats et vos opinions sur Askip!<\/p>\n\n\n\n<div class=\"wp-block-group\"><div class=\"wp-block-group__inner-container is-layout-constrained wp-block-group-is-layout-constrained\">\n<div class=\"wp-block-buttons is-content-justification-center is-layout-flex wp-container-core-buttons-is-layout-16018d1d wp-block-buttons-is-layout-flex\">\n<div class=\"wp-block-button is-style-outline is-style-outline--1\"><a class=\"wp-block-button__link has-black-color has-text-color has-link-color wp-element-button\" href=\"https:\/\/askipind78.fr\/index.php\/participation\/\" style=\"border-radius:100px\" target=\"_blank\" rel=\"noreferrer noopener\"><strong>Participer<\/strong>!<\/a><\/div>\n<\/div>\n<\/div><\/div>\n\n\n\n<div style=\"height:84px\" aria-hidden=\"true\" class=\"wp-block-spacer\"><\/div>\n\n\n\n<div class=\"wp-block-group is-content-justification-space-between is-nowrap is-layout-flex wp-container-core-group-is-layout-0dfbf163 wp-block-group-is-layout-flex\">\n<figure class=\"wp-block-image size-full is-resized\"><img loading=\"lazy\" decoding=\"async\" width=\"836\" height=\"490\" src=\"http:\/\/askipind78.fr\/wp-content\/uploads\/2023\/10\/cropped-small_logo_askip-1.png\" alt=\"\" class=\"wp-image-15\" style=\"width:256px;height:auto\" srcset=\"https:\/\/askipind78.fr\/wp-content\/uploads\/2023\/10\/cropped-small_logo_askip-1.png 836w, https:\/\/askipind78.fr\/wp-content\/uploads\/2023\/10\/cropped-small_logo_askip-1-300x176.png 300w, https:\/\/askipind78.fr\/wp-content\/uploads\/2023\/10\/cropped-small_logo_askip-1-768x450.png 768w\" sizes=\"auto, (max-width: 836px) 100vw, 836px\" \/><\/figure>\n\n\n\n<p class=\"has-x-large-font-size\"><\/p>\n\n\n\n<figure class=\"wp-block-image size-full is-resized\"><img loading=\"lazy\" decoding=\"async\" width=\"1024\" height=\"1024\" src=\"https:\/\/askipind78.fr\/wp-content\/uploads\/2023\/12\/institut-notre-dame-5.png\" alt=\"\" class=\"wp-image-165\" style=\"width:207px;height:auto\" srcset=\"https:\/\/askipind78.fr\/wp-content\/uploads\/2023\/12\/institut-notre-dame-5.png 1024w, https:\/\/askipind78.fr\/wp-content\/uploads\/2023\/12\/institut-notre-dame-5-300x300.png 300w, https:\/\/askipind78.fr\/wp-content\/uploads\/2023\/12\/institut-notre-dame-5-150x150.png 150w, https:\/\/askipind78.fr\/wp-content\/uploads\/2023\/12\/institut-notre-dame-5-768x768.png 768w\" sizes=\"auto, (max-width: 1024px) 100vw, 1024px\" \/><\/figure>\n<\/div>\n","protected":false},"excerpt":{"rendered":"<p>Nous sommes des \u00e9l\u00e8ves de Terminale \u00e0 l&#8217;Institut Notre Dame de Saint Germain en Laye qui veulent cr\u00e9er un r\u00e9seau d&#8217;information accessible et dynamique. Membres du groupe EMI, cr\u00e9\u00e9 par Monsieur Breuiller, nous \u00e9crivons des articles, enregistrons des podcasts et tournons des vid\u00e9os de qualit\u00e9 pour en apprendre davantage sur les sujets qui nous concernent&#8230;.<\/p>\n","protected":false},"author":1,"featured_media":0,"parent":0,"menu_order":0,"comment_status":"closed","ping_status":"closed","template":"","meta":{"_themeisle_gutenberg_block_has_review":false,"footnotes":""},"class_list":["post-7","page","type-page","status-publish","hentry"],"_links":{"self":[{"href":"https:\/\/askipind78.fr\/index.php\/wp-json\/wp\/v2\/pages\/7","targetHints":{"allow":["GET"]}}],"collection":[{"href":"https:\/\/askipind78.fr\/index.php\/wp-json\/wp\/v2\/pages"}],"about":[{"href":"https:\/\/askipind78.fr\/index.php\/wp-json\/wp\/v2\/types\/page"}],"author":[{"embeddable":true,"href":"https:\/\/askipind78.fr\/index.php\/wp-json\/wp\/v2\/users\/1"}],"replies":[{"embeddable":true,"href":"https:\/\/askipind78.fr\/index.php\/wp-json\/wp\/v2\/comments?post=7"}],"version-history":[{"count":9,"href":"https:\/\/askipind78.fr\/index.php\/wp-json\/wp\/v2\/pages\/7\/revisions"}],"predecessor-version":[{"id":231,"href":"https:\/\/askipind78.fr\/index.php\/wp-json\/wp\/v2\/pages\/7\/revisions\/231"}],"wp:attachment":[{"href":"https:\/\/askipind78.fr\/index.php\/wp-json\/wp\/v2\/media?parent=7"}],"curies":[{"name":"wp","href":"https:\/\/api.w.org\/{rel}","templated":true}]}}