{"id":6,"date":"2023-10-27T23:01:17","date_gmt":"2023-10-27T21:01:17","guid":{"rendered":"https:\/\/askipind78.fr\/?page_id=6"},"modified":"2024-02-28T19:35:26","modified_gmt":"2024-02-28T18:35:26","slug":"le-nouveau-e-mucem-ouvre-ses-portes-2","status":"publish","type":"page","link":"https:\/\/askipind78.fr\/","title":{"rendered":"Quoi de neuf?"},"content":{"rendered":"\n<div class=\"wp-block-group alignwide\"><div class=\"wp-block-group__inner-container is-layout-flow wp-block-group-is-layout-flow\">\n<h2 class=\"wp-block-heading has-text-align-center\">Les derniers contenus d&#8217;Askip<\/h2>\n<\/div><\/div>\n\n\n\n<div class=\"wp-block-columns alignwide is-layout-flex wp-container-core-columns-is-layout-9d6595d7 wp-block-columns-is-layout-flex\">\n<div class=\"wp-block-column is-layout-flow wp-block-column-is-layout-flow\">\n<div class=\"wp-block-group\"><div class=\"wp-block-group__inner-container is-layout-flow wp-block-group-is-layout-flow\"><div class=\"wp-block-image\">\n<figure class=\"alignleft size-full is-resized\"><img loading=\"lazy\" decoding=\"async\" width=\"1920\" height=\"1920\" src=\"http:\/\/askipind78.fr\/wp-content\/uploads\/2024\/02\/GOOD_NEWS.jpg\" alt=\"\" class=\"wp-image-210\" style=\"object-fit:cover;width:394px;height:300px\" srcset=\"https:\/\/askipind78.fr\/wp-content\/uploads\/2024\/02\/GOOD_NEWS.jpg 1920w, https:\/\/askipind78.fr\/wp-content\/uploads\/2024\/02\/GOOD_NEWS-300x300.jpg 300w, https:\/\/askipind78.fr\/wp-content\/uploads\/2024\/02\/GOOD_NEWS-1024x1024.jpg 1024w, https:\/\/askipind78.fr\/wp-content\/uploads\/2024\/02\/GOOD_NEWS-150x150.jpg 150w, https:\/\/askipind78.fr\/wp-content\/uploads\/2024\/02\/GOOD_NEWS-768x768.jpg 768w, https:\/\/askipind78.fr\/wp-content\/uploads\/2024\/02\/GOOD_NEWS-1536x1536.jpg 1536w\" sizes=\"auto, (max-width: 1920px) 100vw, 1920px\" \/><\/figure>\n<\/div>\n\n\n<h3 class=\"wp-block-heading\">Good News<\/h3>\n\n\n\n<p>Les bonnes nouvelles de Maxence Morel<\/p>\n\n\n\n<div class=\"wp-block-button is-style-outline is-style-outline--1\"><a class=\"wp-block-button__link wp-element-button\" href=\"https:\/\/soundcloud.com\/askip_ind\/sets\/good-vibes\/s-bxPkMtzjsF0?si=6724760c2ae64d2eb2f2b1353cf7536a&amp;utm_source=clipboard&amp;utm_medium=text&amp;utm_campaign=social_sharing\" target=\"_blank\" rel=\"noreferrer noopener\">\u00c9couter<\/a><\/div>\n<\/div><\/div>\n\n\n\n<div style=\"height:56px\" aria-hidden=\"true\" class=\"wp-block-spacer\"><\/div>\n\n\n\n<div class=\"wp-block-group\"><div class=\"wp-block-group__inner-container is-layout-flow wp-block-group-is-layout-flow\"><div class=\"wp-block-image\">\n<figure class=\"aligncenter size-full\"><img decoding=\"async\" src=\"https:\/\/askipind78.fr\/wp-content\/themes\/twentytwenty\/assets\/images\/2020-three-quarters-3.png\" alt=\"\" class=\"wp-image-37\"\/><\/figure>\n<\/div>\n\n\n<h3 class=\"wp-block-heading\">Article Samuel<\/h3>\n\n\n\n<p>1er octobre au 1er d\u00e9cembre                       <\/p>\n\n\n\n<div class=\"wp-block-button is-style-outline is-style-outline--2\"><a class=\"wp-block-button__link wp-element-button\" href=\"https:\/\/make.wordpress.org\/core\/2019\/09\/27\/block-editor-theme-related-updates-in-wordpress-5-3\/\">Lire la suite<\/a><\/div>\n<\/div><\/div>\n<\/div>\n\n\n\n<div class=\"wp-block-column is-layout-flow wp-block-column-is-layout-flow\">\n<div class=\"wp-block-group\"><div class=\"wp-block-group__inner-container is-layout-flow wp-block-group-is-layout-flow\"><div class=\"wp-block-image is-style-default\">\n<figure class=\"alignright size-full is-resized\"><img loading=\"lazy\" decoding=\"async\" width=\"562\" height=\"567\" src=\"https:\/\/askipind78.fr\/wp-content\/uploads\/2023\/12\/logo-emi-2.png\" alt=\"\" class=\"wp-image-153\" style=\"aspect-ratio:1.3266666666666667;object-fit:cover;width:394px;height:auto\" srcset=\"https:\/\/askipind78.fr\/wp-content\/uploads\/2023\/12\/logo-emi-2.png 562w, https:\/\/askipind78.fr\/wp-content\/uploads\/2023\/12\/logo-emi-2-297x300.png 297w, https:\/\/askipind78.fr\/wp-content\/uploads\/2023\/12\/logo-emi-2-150x150.png 150w\" sizes=\"auto, (max-width: 562px) 100vw, 562px\" \/><\/figure>\n<\/div>\n\n\n<h3 class=\"wp-block-heading\">Lez&#8217;arts et culture<\/h3>\n\n\n\n<p>Vous allez \u00eatre l\u00e9zard\u00e9s<\/p>\n\n\n\n<div class=\"wp-block-button is-style-outline is-style-outline--3\"><a class=\"wp-block-button__link wp-element-button\" href=\"https:\/\/soundcloud.com\/askip_ind\/sets\/lezarts-et-culture\/s-D4i3Go202v2?si=929bace7d4314bba8116a54e11d2bf56&amp;utm_source=clipboard&amp;utm_medium=text&amp;utm_campaign=social_sharing\" target=\"_blank\" rel=\"noreferrer noopener\">\u00c9couter<\/a><\/div>\n<\/div><\/div>\n\n\n\n<div style=\"height:58px\" aria-hidden=\"true\" class=\"wp-block-spacer\"><\/div>\n\n\n\n<div class=\"wp-block-group\"><div class=\"wp-block-group__inner-container is-layout-flow wp-block-group-is-layout-flow\"><div class=\"wp-block-image\">\n<figure class=\"aligncenter size-full is-resized\"><img loading=\"lazy\" decoding=\"async\" width=\"1280\" height=\"853\" src=\"http:\/\/askipind78.fr\/wp-content\/uploads\/2024\/02\/France_info.jpg\" alt=\"\" class=\"wp-image-196\" style=\"aspect-ratio:1.3133333333333332;object-fit:cover;width:410px;height:auto\" srcset=\"https:\/\/askipind78.fr\/wp-content\/uploads\/2024\/02\/France_info.jpg 1280w, https:\/\/askipind78.fr\/wp-content\/uploads\/2024\/02\/France_info-300x200.jpg 300w, https:\/\/askipind78.fr\/wp-content\/uploads\/2024\/02\/France_info-1024x682.jpg 1024w, https:\/\/askipind78.fr\/wp-content\/uploads\/2024\/02\/France_info-768x512.jpg 768w, https:\/\/askipind78.fr\/wp-content\/uploads\/2024\/02\/France_info-820x545.jpg 820w, https:\/\/askipind78.fr\/wp-content\/uploads\/2024\/02\/France_info-600x400.jpg 600w\" sizes=\"auto, (max-width: 1280px) 100vw, 1280px\" \/><\/figure>\n<\/div>\n\n\n<h3 class=\"wp-block-heading\">     Infographie<\/h3>\n\n\n\n<p>La France, une puissance maritime<\/p>\n\n\n\n<div class=\"wp-block-button is-style-outline is-style-outline--4\"><a class=\"wp-block-button__link wp-element-button\" href=\"https:\/\/askipind78.fr\/index.php\/infographie\/\">Voir la suite<\/a><\/div>\n<\/div><\/div>\n<\/div>\n<\/div>\n\n\n\n<div style=\"height:37px\" aria-hidden=\"true\" class=\"wp-block-spacer\"><\/div>\n\n\n\n<div class=\"wp-block-group alignwide\"><div class=\"wp-block-group__inner-container is-layout-flow wp-block-group-is-layout-flow\">\n<h2 class=\"wp-block-heading has-text-align-center has-accent-color has-text-color\">\u00ab&nbsp;Bient\u00f4t sur Askip !&nbsp;\u00bb<\/h2>\n<\/div><\/div>\n\n\n\n<div style=\"height:31px\" aria-hidden=\"true\" class=\"wp-block-spacer\"><\/div>\n\n\n\n<div class=\"wp-block-columns alignwide is-layout-flex wp-container-core-columns-is-layout-9d6595d7 wp-block-columns-is-layout-flex\">\n<div class=\"wp-block-column is-layout-flow wp-block-column-is-layout-flow\">\n<div class=\"wp-block-group\"><div class=\"wp-block-group__inner-container is-layout-flow wp-block-group-is-layout-flow\"><div class=\"wp-block-image\">\n<figure class=\"alignleft size-full\"><img decoding=\"async\" src=\"https:\/\/askipind78.fr\/wp-content\/themes\/twentytwenty\/assets\/images\/2020-three-quarters-1.png\" alt=\"\" class=\"wp-image-37\" style=\"object-fit:cover\"\/><\/figure>\n<\/div>\n\n\n<h3 class=\"wp-block-heading\">Question pour un \u00e9l\u00e8ve<\/h3>\n\n\n\n<p>Question pour un champion, version IND<\/p>\n<\/div><\/div>\n\n\n\n<div style=\"height:50px\" aria-hidden=\"true\" class=\"wp-block-spacer\"><\/div>\n<\/div>\n\n\n\n<div class=\"wp-block-column is-layout-flow wp-block-column-is-layout-flow\">\n<div class=\"wp-block-group\"><div class=\"wp-block-group__inner-container is-layout-flow wp-block-group-is-layout-flow\"><div class=\"wp-block-image is-style-default\">\n<figure class=\"alignright size-full is-resized\"><img loading=\"lazy\" decoding=\"async\" width=\"562\" height=\"567\" src=\"https:\/\/askipind78.fr\/wp-content\/uploads\/2023\/12\/logo-emi-2.png\" alt=\"\" class=\"wp-image-153\" style=\"aspect-ratio:1.3266666666666667;object-fit:cover;width:394px;height:auto\" srcset=\"https:\/\/askipind78.fr\/wp-content\/uploads\/2023\/12\/logo-emi-2.png 562w, https:\/\/askipind78.fr\/wp-content\/uploads\/2023\/12\/logo-emi-2-297x300.png 297w, https:\/\/askipind78.fr\/wp-content\/uploads\/2023\/12\/logo-emi-2-150x150.png 150w\" sizes=\"auto, (max-width: 562px) 100vw, 562px\" \/><\/figure>\n<\/div>\n\n\n<h3 class=\"wp-block-heading\">Le Late IND !<\/h3>\n\n\n\n<p>L&#8217;incroyable Late Show de L&#8217;IND, le 28 mars sur vos \u00e9crans<\/p>\n<\/div><\/div>\n<\/div>\n<\/div>\n","protected":false},"excerpt":{"rendered":"<p>Les derniers contenus d&#8217;Askip Good News Les bonnes nouvelles de Maxence Morel Article Samuel 1er octobre au 1er d\u00e9cembre Lez&#8217;arts et culture Vous allez \u00eatre l\u00e9zard\u00e9s Infographie La France, une puissance maritime \u00ab&nbsp;Bient\u00f4t sur Askip !&nbsp;\u00bb Question pour un \u00e9l\u00e8ve Question pour un champion, version IND Le Late IND ! L&#8217;incroyable Late Show de L&#8217;IND,&#8230;<\/p>\n","protected":false},"author":1,"featured_media":5,"parent":0,"menu_order":0,"comment_status":"closed","ping_status":"closed","template":"","meta":{"_themeisle_gutenberg_block_has_review":false,"footnotes":""},"class_list":["post-6","page","type-page","status-publish","has-post-thumbnail","hentry"],"_links":{"self":[{"href":"https:\/\/askipind78.fr\/index.php\/wp-json\/wp\/v2\/pages\/6","targetHints":{"allow":["GET"]}}],"collection":[{"href":"https:\/\/askipind78.fr\/index.php\/wp-json\/wp\/v2\/pages"}],"about":[{"href":"https:\/\/askipind78.fr\/index.php\/wp-json\/wp\/v2\/types\/page"}],"author":[{"embeddable":true,"href":"https:\/\/askipind78.fr\/index.php\/wp-json\/wp\/v2\/users\/1"}],"replies":[{"embeddable":true,"href":"https:\/\/askipind78.fr\/index.php\/wp-json\/wp\/v2\/comments?post=6"}],"version-history":[{"count":28,"href":"https:\/\/askipind78.fr\/index.php\/wp-json\/wp\/v2\/pages\/6\/revisions"}],"predecessor-version":[{"id":226,"href":"https:\/\/askipind78.fr\/index.php\/wp-json\/wp\/v2\/pages\/6\/revisions\/226"}],"wp:featuredmedia":[{"embeddable":true,"href":"https:\/\/askipind78.fr\/index.php\/wp-json\/wp\/v2\/media\/5"}],"wp:attachment":[{"href":"https:\/\/askipind78.fr\/index.php\/wp-json\/wp\/v2\/media?parent=6"}],"curies":[{"name":"wp","href":"https:\/\/api.w.org\/{rel}","templated":true}]}}