{"id":228,"date":"2024-03-02T11:27:37","date_gmt":"2024-03-02T10:27:37","guid":{"rendered":"https:\/\/askipind78.fr\/?page_id=228"},"modified":"2024-03-09T15:29:17","modified_gmt":"2024-03-09T14:29:17","slug":"participation","status":"publish","type":"page","link":"https:\/\/askipind78.fr\/index.php\/participation\/","title":{"rendered":"Participation"},"content":{"rendered":"\n<pre class=\"wp-block-preformatted\">Bonjour ! Vous avez une id\u00e9e d'article, podcasts, vid\u00e9o que vous voulez nous partager ? Envoyez vos contenus ci-dessous et nous vous recontacterons en vue d'une potentielle publication.\n<\/pre>\n\n\n<style id=\"wpforms-css-vars-root\">\n\t\t\t\t:root {\n\t\t\t\t\t--wpforms-field-border-radius: 3px;\n--wpforms-field-background-color: #ffffff;\n--wpforms-field-border-color: rgba( 0, 0, 0, 0.25 );\n--wpforms-field-text-color: rgba( 0, 0, 0, 0.7 );\n--wpforms-label-color: rgba( 0, 0, 0, 0.85 );\n--wpforms-label-sublabel-color: rgba( 0, 0, 0, 0.55 );\n--wpforms-label-error-color: #d63637;\n--wpforms-button-border-radius: 3px;\n--wpforms-button-background-color: #066aab;\n--wpforms-button-text-color: #ffffff;\n--wpforms-page-break-color: #066aab;\n--wpforms-field-size-input-height: 43px;\n--wpforms-field-size-input-spacing: 15px;\n--wpforms-field-size-font-size: 16px;\n--wpforms-field-size-line-height: 19px;\n--wpforms-field-size-padding-h: 14px;\n--wpforms-field-size-checkbox-size: 16px;\n--wpforms-field-size-sublabel-spacing: 5px;\n--wpforms-field-size-icon-size: 1;\n--wpforms-label-size-font-size: 16px;\n--wpforms-label-size-line-height: 19px;\n--wpforms-label-size-sublabel-font-size: 14px;\n--wpforms-label-size-sublabel-line-height: 17px;\n--wpforms-button-size-font-size: 17px;\n--wpforms-button-size-height: 41px;\n--wpforms-button-size-padding-h: 15px;\n--wpforms-button-size-margin-top: 10px;\n\n\t\t\t\t}\n\t\t\t<\/style><style id=\"wpforms-css-vars-234-block-fbdafc9f-708f-45b2-9dd5-32c35a0ec485\">\n\t\t\t\t#wpforms-234.wpforms-block-fbdafc9f-708f-45b2-9dd5-32c35a0ec485 {\n\t\t\t\t\t--wpforms-label-size-font-size: 18px;\n--wpforms-label-size-line-height: 21px;\n--wpforms-label-size-sublabel-font-size: 16px;\n--wpforms-label-size-sublabel-line-height: 19px;\n\n\t\t\t\t}\n\t\t\t<\/style><div class=\"wpforms-container wpforms-container-full wpforms-block wpforms-block-fbdafc9f-708f-45b2-9dd5-32c35a0ec485 wpforms-render-modern\" id=\"wpforms-234\"><form id=\"wpforms-form-234\" class=\"wpforms-validate wpforms-form wpforms-ajax-form\" data-formid=\"234\" method=\"post\" enctype=\"multipart\/form-data\" action=\"\/index.php\/wp-json\/wp\/v2\/pages\/228\" data-token=\"387ee05d07b75b8e305c2f79913e7554\"><noscript class=\"wpforms-error-noscript\">Please enable JavaScript in your browser to complete this form.<\/noscript><div class=\"wpforms-hidden\" id=\"wpforms-error-noscript\">Please enable JavaScript in your browser to complete this form.<\/div><div class=\"wpforms-field-container\"><div id=\"wpforms-234-field_1-container\" class=\"wpforms-field wpforms-field-name\" data-field-id=\"1\"><fieldset><legend class=\"wpforms-field-label\">Nom <span class=\"wpforms-required-label\" aria-hidden=\"true\">*<\/span><\/legend><div class=\"wpforms-field-row wpforms-field-medium\"><div class=\"wpforms-field-row-block wpforms-first wpforms-one-half\"><input type=\"text\" id=\"wpforms-234-field_1\" class=\"wpforms-field-name-first wpforms-field-required\" name=\"wpforms[fields][1][first]\" aria-errormessage=\"wpforms-234-field_1-error\" required><label for=\"wpforms-234-field_1\" class=\"wpforms-field-sublabel after \">First<\/label><\/div><div class=\"wpforms-field-row-block wpforms-one-half\"><input type=\"text\" id=\"wpforms-234-field_1-last\" class=\"wpforms-field-name-last wpforms-field-required\" name=\"wpforms[fields][1][last]\" aria-errormessage=\"wpforms-234-field_1-last-error\" required><label for=\"wpforms-234-field_1-last\" class=\"wpforms-field-sublabel after \">Last<\/label><\/div><\/div><\/fieldset><\/div><div id=\"wpforms-234-field_6-container\" class=\"wpforms-field wpforms-field-text\" data-field-id=\"6\"><label class=\"wpforms-field-label\" for=\"wpforms-234-field_6\">Classe <span class=\"wpforms-required-label\" aria-hidden=\"true\">*<\/span><\/label><input type=\"text\" id=\"wpforms-234-field_6\" class=\"wpforms-field-medium wpforms-field-required\" name=\"wpforms[fields][6]\" aria-errormessage=\"wpforms-234-field_6-error\" required><\/div><div id=\"wpforms-234-field_2-container\" class=\"wpforms-field wpforms-field-email\" data-field-id=\"2\"><label class=\"wpforms-field-label\" for=\"wpforms-234-field_2\">Email <span class=\"wpforms-required-label\" aria-hidden=\"true\">*<\/span><\/label><input type=\"email\" id=\"wpforms-234-field_2\" class=\"wpforms-field-medium wpforms-field-required\" name=\"wpforms[fields][2]\" spellcheck=\"false\" aria-errormessage=\"wpforms-234-field_2-error\" required><\/div><div id=\"wpforms-234-field_9-container\" class=\"wpforms-field wpforms-field-text\" data-field-id=\"9\"><label class=\"wpforms-field-label\" for=\"wpforms-234-field_9\">Titre de votre projet <span class=\"wpforms-required-label\" aria-hidden=\"true\">*<\/span><\/label><input type=\"text\" id=\"wpforms-234-field_9\" class=\"wpforms-field-medium wpforms-field-required\" name=\"wpforms[fields][9]\" aria-errormessage=\"wpforms-234-field_9-error\" required><\/div><div id=\"wpforms-234-field_7-container\" class=\"wpforms-field wpforms-field-textarea\" data-field-id=\"7\"><label class=\"wpforms-field-label\" for=\"wpforms-234-field_7\">Description du projet <span class=\"wpforms-required-label\" aria-hidden=\"true\">*<\/span><\/label><textarea id=\"wpforms-234-field_7\" class=\"wpforms-field-medium wpforms-field-required\" name=\"wpforms[fields][7]\" aria-errormessage=\"wpforms-234-field_7-error\" aria-describedby=\"wpforms-234-field_7-description\" required><\/textarea><div id=\"wpforms-234-field_7-description\" class=\"wpforms-field-description\">D\u00e9crivez votre id\u00e9e de projet en quelques mots en expliquant votre motivation et le format que vous avez choisi.<\/div><\/div><div id=\"wpforms-234-field_8-container\" class=\"wpforms-field wpforms-field-text\" data-field-id=\"8\"><label class=\"wpforms-field-label\" for=\"wpforms-234-field_8\">Lien de partage Swisstransfer <span class=\"wpforms-required-label\" aria-hidden=\"true\">*<\/span><\/label><input type=\"text\" id=\"wpforms-234-field_8\" class=\"wpforms-field-medium wpforms-field-required\" name=\"wpforms[fields][8]\" aria-errormessage=\"wpforms-234-field_8-error\" aria-describedby=\"wpforms-234-field_8-description\" required><div id=\"wpforms-234-field_8-description\" class=\"wpforms-field-description\">Copiez le lien de partage de votre projet ci-dessus. Cela nous permettra d&#8217;avoir acc\u00e8s \u00e0 votre travail.<\/div><\/div><\/div><!-- .wpforms-field-container --><div class=\"wpforms-submit-container\" ><input type=\"hidden\" name=\"wpforms[id]\" value=\"234\"><input type=\"hidden\" name=\"wpforms[author]\" value=\"6\"><button type=\"submit\" name=\"wpforms[submit]\" id=\"wpforms-submit-234\" class=\"wpforms-submit\" data-alt-text=\"En cour d&#039;envoi...\" data-submit-text=\"Submit\" aria-live=\"assertive\" value=\"wpforms-submit\">Submit<\/button><img loading=\"lazy\" decoding=\"async\" src=\"https:\/\/askipind78.fr\/wp-content\/plugins\/wpforms-lite\/assets\/images\/submit-spin.svg\" class=\"wpforms-submit-spinner\" style=\"display: none;\" width=\"26\" height=\"26\" alt=\"Loading\"><\/div><\/form><\/div>  <!-- .wpforms-container -->\n\n\n<pre class=\"wp-block-preformatted\">CR\u00c9ATION DU LIEN\n\n#Comment cr\u00e9er un lien ?\nAfin de partager votre projet avec l'\u00e9quipe Askip, il vous cr\u00e9er un lien. Pour ce faire, nous vous conseillons de vous rendre sur la plateforme gratuite <a href=\"https:\/\/www.swisstransfer.com\/fr-fr\" target=\"_blank\" rel=\"noreferrer noopener\">Swisstransfer<\/a>.\nUne fois sur cette plateforme, ajoutez les fichiers de votre projet (documents, images...) et cr\u00e9ez un lien d'envoi. Vous n'aurez plus qu'\u00e0 copier ce lien et le coller dans le formulaire.\n<\/pre>\n","protected":false},"excerpt":{"rendered":"<p>Bonjour ! Vous avez une id\u00e9e d&#8217;article, podcasts, vid\u00e9o que vous voulez nous partager ? Envoyez vos contenus ci-dessous et nous vous recontacterons en vue d&#8217;une potentielle publication. CR\u00c9ATION DU LIEN #Comment cr\u00e9er un lien ? Afin de partager votre projet avec l&#8217;\u00e9quipe Askip, il vous cr\u00e9er un lien. Pour ce faire, nous vous conseillons&#8230;<\/p>\n","protected":false},"author":6,"featured_media":0,"parent":0,"menu_order":0,"comment_status":"closed","ping_status":"closed","template":"","meta":{"_themeisle_gutenberg_block_has_review":false,"footnotes":""},"class_list":["post-228","page","type-page","status-publish","hentry"],"_links":{"self":[{"href":"https:\/\/askipind78.fr\/index.php\/wp-json\/wp\/v2\/pages\/228","targetHints":{"allow":["GET"]}}],"collection":[{"href":"https:\/\/askipind78.fr\/index.php\/wp-json\/wp\/v2\/pages"}],"about":[{"href":"https:\/\/askipind78.fr\/index.php\/wp-json\/wp\/v2\/types\/page"}],"author":[{"embeddable":true,"href":"https:\/\/askipind78.fr\/index.php\/wp-json\/wp\/v2\/users\/6"}],"replies":[{"embeddable":true,"href":"https:\/\/askipind78.fr\/index.php\/wp-json\/wp\/v2\/comments?post=228"}],"version-history":[{"count":9,"href":"https:\/\/askipind78.fr\/index.php\/wp-json\/wp\/v2\/pages\/228\/revisions"}],"predecessor-version":[{"id":252,"href":"https:\/\/askipind78.fr\/index.php\/wp-json\/wp\/v2\/pages\/228\/revisions\/252"}],"wp:attachment":[{"href":"https:\/\/askipind78.fr\/index.php\/wp-json\/wp\/v2\/media?parent=228"}],"curies":[{"name":"wp","href":"https:\/\/api.w.org\/{rel}","templated":true}]}}